{"id":2047,"date":"2024-06-04T17:31:13","date_gmt":"2024-06-04T16:31:13","guid":{"rendered":"https:\/\/www.plusdtf.com\/?post_type=product&#038;p=2047"},"modified":"2025-07-29T00:46:46","modified_gmt":"2025-07-28T23:46:46","slug":"bono-25-metros-dtf-textil","status":"publish","type":"product","link":"https:\/\/www.plusdtf.com\/index.php\/producto\/bono-25-metros-dtf-textil\/","title":{"rendered":"Bono 25 metros DTF T\u00e9xtil"},"content":{"rendered":"","protected":false},"excerpt":{"rendered":"<p style=\"text-align: center;\"><strong>25 metros <\/strong>de DTF TEXTIL para consumir cuando quieras.<strong><br \/>\nEl metro te sale a 8,4\u20ac<br \/>\n<\/strong>Este bono incluye 1 env\u00edos gratuitos<\/p>\n<p style=\"text-align: center;\"><strong>DTF por metros <\/strong><br \/>\nLa mejor opci\u00f3n para personalizar tus prendas. Nuestro DTF muestra una alta durabilidad ante lavados y gran flexibilidad.<\/p>\n<p style=\"text-align: center;\">Te ayudar\u00e1 la estampaci\u00f3n de dise\u00f1os realistas y con una gran fidelidad de la realidad del dise\u00f1o. Amplia variedad de tejidos donde se puede estampar, algod\u00f3n, poli\u00e9ster, materiales sint\u00e9ticos, piel, nylon&#8230;<\/p>\n","protected":false},"featured_media":2085,"template":"","meta":{"_uf_show_specific_survey":0,"_uf_disable_surveys":false,"_joinchat":[]},"pwb-brand":[],"product_brand":[],"product_cat":[64],"product_tag":[],"class_list":{"0":"post-2047","1":"product","2":"type-product","3":"status-publish","4":"has-post-thumbnail","6":"product_cat-bonos","8":"first","9":"instock","10":"featured","11":"taxable","12":"shipping-taxable","13":"purchasable","14":"product-type-simple"},"brands":[],"_links":{"self":[{"href":"https:\/\/www.plusdtf.com\/index.php\/wp-json\/wp\/v2\/product\/2047","targetHints":{"allow":["GET"]}}],"collection":[{"href":"https:\/\/www.plusdtf.com\/index.php\/wp-json\/wp\/v2\/product"}],"about":[{"href":"https:\/\/www.plusdtf.com\/index.php\/wp-json\/wp\/v2\/types\/product"}],"wp:featuredmedia":[{"embeddable":true,"href":"https:\/\/www.plusdtf.com\/index.php\/wp-json\/wp\/v2\/media\/2085"}],"wp:attachment":[{"href":"https:\/\/www.plusdtf.com\/index.php\/wp-json\/wp\/v2\/media?parent=2047"}],"wp:term":[{"taxonomy":"pwb-brand","embeddable":true,"href":"https:\/\/www.plusdtf.com\/index.php\/wp-json\/wp\/v2\/pwb-brand?post=2047"},{"taxonomy":"product_brand","embeddable":true,"href":"https:\/\/www.plusdtf.com\/index.php\/wp-json\/wp\/v2\/product_brand?post=2047"},{"taxonomy":"product_cat","embeddable":true,"href":"https:\/\/www.plusdtf.com\/index.php\/wp-json\/wp\/v2\/product_cat?post=2047"},{"taxonomy":"product_tag","embeddable":true,"href":"https:\/\/www.plusdtf.com\/index.php\/wp-json\/wp\/v2\/product_tag?post=2047"}],"curies":[{"name":"wp","href":"https:\/\/api.w.org\/{rel}","templated":true}]}}