{"id":2355,"date":"2024-06-25T07:33:25","date_gmt":"2024-06-25T06:33:25","guid":{"rendered":"https:\/\/www.plusdtf.com\/?page_id=2355"},"modified":"2025-04-15T18:37:43","modified_gmt":"2025-04-15T17:37:43","slug":"como-envio-mis-archivos","status":"publish","type":"page","link":"https:\/\/www.plusdtf.com\/index.php\/como-envio-mis-archivos\/","title":{"rendered":"\u00bfC\u00f3mo env\u00edo mis archivos?"},"content":{"rendered":"<section>\n<h2>\u00bfC\u00f3mo enviar tus archivos?<\/h2>\n<p>\n      Una vez completes tu pedido, recibir\u00e1s un correo con tu n\u00famero de pedido. A partir de ah\u00ed, \u00a1puedes mandarnos tus dise\u00f1os y nos ponemos a imprimir!\n    <\/p>\n<h3>\ud83d\udcc1 Formatos aceptados<\/h3>\n<ul>\n<li>PNG (con fondo transparente)<\/li>\n<li>PDF o PNG <\/li>\n<li>300 ppp de resoluci\u00f3n<\/li>\n<li>57 cm de ancho y el largo deseado de impresi\u00f3n<\/li>\n<\/ul>\n<h3>\ud83d\udce9 Env\u00edo de archivos<\/h3>\n<ul>\n<li>\ud83d\udce7 <strong>pedidos@plusdtf.com<\/strong><\/li>\n<li>Usa <a href=\"https:\/\/wetransfer.com\" target=\"_blank\" rel=\"noopener\">WeTransfer<\/a> o similar<\/li>\n<li>Indica tu n\u00famero de pedido en el mensaje<\/li>\n<\/ul>\n<\/section>\n","protected":false},"excerpt":{"rendered":"<p>\u00bfC\u00f3mo enviar tus archivos? Una vez completes tu pedido, recibir\u00e1s un correo con tu n\u00famero de pedido. A partir de&#8230;<\/p>\n","protected":false},"author":1,"featured_media":0,"parent":0,"menu_order":0,"comment_status":"closed","ping_status":"closed","template":"","meta":{"_uf_show_specific_survey":0,"_uf_disable_surveys":false,"_joinchat":[],"footnotes":""},"class_list":["post-2355","page","type-page","status-publish","hentry"],"post-meta":{"_edit_lock":["1744738665:1"],"_last_editor_used_jetpack":["block-editor"],"_edit_last":["1"],"site-container":["default"],"site-header-transparent":["default"],"site-page-header":["default"],"site-sidebar":["default"],"_yoast_wpseo_estimated-reading-time-minutes":["1"],"_yoast_wpseo_wordproof_timestamp":[""],"_elementor_edit_mode":["builder"],"_elementor_template_type":["wp-page"],"_elementor_version":["3.28.3"],"_wp_page_template":["default"],"_elementor_data":["[{\"id\":\"46b116a\",\"elType\":\"container\",\"settings\":[],\"elements\":[{\"id\":\"9e0a488\",\"elType\":\"widget\",\"settings\":{\"html\":\"<section class=\\\"py-12 bg-gray-100 text-gray-800\\\">\\r\\n  <div class=\\\"container mx-auto px-4\\\">\\r\\n    <h2 class=\\\"text-4xl font-bold mb-6 text-center\\\">\\u00bfC\\u00f3mo enviar tus archivos?<\\\/h2>\\r\\n    <p class=\\\"text-lg text-center max-w-2xl mx-auto mb-8\\\">\\r\\n      Una vez completes tu pedido, recibir\\u00e1s un correo con tu n\\u00famero de pedido. A partir de ah\\u00ed, \\u00a1puedes mandarnos tus dise\\u00f1os y nos ponemos a imprimir!\\r\\n    <\\\/p>\\r\\n\\r\\n    <div class=\\\"grid grid-cols-1 md:grid-cols-2 gap-8\\\">\\r\\n      <div>\\r\\n        <h3 class=\\\"text-2xl font-semibold mb-4\\\">\\ud83d\\udcc1 Formatos aceptados<\\\/h3>\\r\\n        <ul class=\\\"list-disc list-inside text-lg space-y-2\\\">\\r\\n          <li>PNG (con fondo transparente)<\\\/li>\\r\\n          <li>PDF o PNG <\\\/li>\\r\\n          <li>300 ppp de resoluci\\u00f3n<\\\/li>\\r\\n          <li>57 cm de ancho y el largo deseado de impresi\\u00f3n<\\\/li>\\r\\n        <\\\/ul>\\r\\n      <\\\/div>\\r\\n      <div>\\r\\n        <h3 class=\\\"text-2xl font-semibold mb-4\\\">\\ud83d\\udce9 Env\\u00edo de archivos<\\\/h3>\\r\\n        <ul class=\\\"list-disc list-inside text-lg space-y-2\\\">\\r\\n          <li>\\ud83d\\udce7 <strong>pedidos@plusdtf.com<\\\/strong><\\\/li>\\r\\n          <li>Usa <a href=\\\"https:\\\/\\\/wetransfer.com\\\" target=\\\"_blank\\\" class=\\\"text-blue-600 underline\\\">WeTransfer<\\\/a> o similar<\\\/li>\\r\\n          <li>Indica tu n\\u00famero de pedido en el mensaje<\\\/li>\\r\\n        <\\\/ul>\\r\\n      <\\\/div>\\r\\n    <\\\/div>\\r\\n  <\\\/div>\\r\\n<\\\/section>\\r\\n\"},\"elements\":[],\"widgetType\":\"html\"}],\"isInner\":false}]"],"_yoast_wpseo_content_score":["90"],"rank_math_title":["\u00bfC\u00f3mo enviar tus archivos para impresi\u00f3n DTF correctamente?"],"rank_math_description":["Te explicamos paso a paso c\u00f3mo preparar y enviar tus archivos para impresi\u00f3n DTF. Formatos, resoluci\u00f3n y m\u00e9todo de env\u00edo.\n"],"rank_math_canonical_url":[""],"rank_math_facebook_title":[""],"rank_math_facebook_description":[""],"rank_math_facebook_image":[""],"rank_math_twitter_title":[""],"rank_math_twitter_description":[""],"rank_math_twitter_image":[""],"rank_math_twitter_use_facebook":["off"],"rank_math_analytic_object_id":["29"],"rank_math_internal_links_processed":["1"],"rank_math_seo_score":["12"],"rank_math_focus_keyword":["enviar archivos DTF,c\u00f3mo preparar archivos para impresi\u00f3n DTF,formatos impresi\u00f3n DTF,dise\u00f1o DTF,wetransfer DTF"],"rank_math_pillar_content":["on"]},"_links":{"self":[{"href":"https:\/\/www.plusdtf.com\/index.php\/wp-json\/wp\/v2\/pages\/2355","targetHints":{"allow":["GET"]}}],"collection":[{"href":"https:\/\/www.plusdtf.com\/index.php\/wp-json\/wp\/v2\/pages"}],"about":[{"href":"https:\/\/www.plusdtf.com\/index.php\/wp-json\/wp\/v2\/types\/page"}],"author":[{"embeddable":true,"href":"https:\/\/www.plusdtf.com\/index.php\/wp-json\/wp\/v2\/users\/1"}],"replies":[{"embeddable":true,"href":"https:\/\/www.plusdtf.com\/index.php\/wp-json\/wp\/v2\/comments?post=2355"}],"version-history":[{"count":19,"href":"https:\/\/www.plusdtf.com\/index.php\/wp-json\/wp\/v2\/pages\/2355\/revisions"}],"predecessor-version":[{"id":2615,"href":"https:\/\/www.plusdtf.com\/index.php\/wp-json\/wp\/v2\/pages\/2355\/revisions\/2615"}],"wp:attachment":[{"href":"https:\/\/www.plusdtf.com\/index.php\/wp-json\/wp\/v2\/media?parent=2355"}],"curies":[{"name":"wp","href":"https:\/\/api.w.org\/{rel}","templated":true}]}}