{"id":2147,"date":"2024-06-11T10:40:10","date_gmt":"2024-06-11T09:40:10","guid":{"rendered":"https:\/\/www.plusdtf.com\/?page_id=2147"},"modified":"2025-04-15T18:30:29","modified_gmt":"2025-04-15T17:30:29","slug":"aviso-legal","status":"publish","type":"page","link":"https:\/\/www.plusdtf.com\/index.php\/aviso-legal\/","title":{"rendered":"Aviso Legal"},"content":{"rendered":"\n<p>1. Datos de Identificaci\u00f3n<\/p>\n\n\n\n<p>En cumplimiento con el deber de informaci\u00f3n recogido en el art\u00edculo 10 de la Ley 34\/2002, de 11 de julio, de Servicios de la Sociedad de la Informaci\u00f3n y del Comercio Electr\u00f3nico (LSSI-CE), a continuaci\u00f3n se exponen los datos identificativos de la entidad:<\/p>\n\n\n\n<p>Nombre de la empresa: Guinma Personalizaciones S.L<\/p>\n\n\n\n<p>NIF\/CIF: B-70834551<\/p>\n\n\n\n<p>Direcci\u00f3n: C\/Geolog\u00eda 87<\/p>\n\n\n\n<p>Tel\u00e9fono: 660 177 617<\/p>\n\n\n\n<p>Correo electr\u00f3nico: <a href=\"mailto:info@plusdtf.com\"><u>info@plusdtf.com<\/u><\/a><\/p>\n\n\n\n<p>2. Usuarios<\/p>\n\n\n\n<p>El acceso y\/o uso de este sitio web atribuye la condici\u00f3n de USUARIO, que acepta, desde dicho acceso y\/o uso, los presentes t\u00e9rminos de uso. El acceso y\/o uso de ciertos contenidos y servicios puede estar sujeto a condiciones particulares que, seg\u00fan el caso, sustituyen, completan y\/o modifican este aviso legal.<\/p>\n\n\n\n<p>3. Uso del Sitio Web<\/p>\n\n\n\n<p>El USUARIO se compromete a utilizar el sitio web y sus servicios y contenidos de forma conforme a la ley, la moral, el orden p\u00fablico y los presentes t\u00e9rminos de uso. Asimismo, se compromete a hacer un uso adecuado de los servicios y\/o contenidos del sitio web y a no emplearlos para realizar actividades il\u00edcitas o constitutivas de delito, que atenten contra los derechos de terceros y\/o que infrinjan la regulaci\u00f3n sobre propiedad intelectual e industrial, o cualesquiera otras normas del ordenamiento jur\u00eddico aplicable.<\/p>\n\n\n\n<p>4. Responsabilidad<\/p>\n\n\n\n<p>El titular del sitio web no se hace responsable de los da\u00f1os y perjuicios de cualquier naturaleza que pudieran derivarse de:<\/p>\n\n\n\n<p>La falta de disponibilidad, mantenimiento y efectivo funcionamiento del sitio web y\/o de sus servicios o contenidos.<\/p>\n\n\n\n<p>La existencia de virus, programas maliciosos o lesivos en los contenidos.<\/p>\n\n\n\n<p>El uso il\u00edcito, negligente, fraudulento o contrario a este aviso legal.<\/p>\n\n\n\n<p>La falta de licitud, calidad, fiabilidad, utilidad y disponibilidad de los servicios prestados por terceros y puestos a disposici\u00f3n de los usuarios en el sitio web.<\/p>\n\n\n\n<p>5. Propiedad Intelectual e Industrial<\/p>\n\n\n\n<p>Todos los derechos de propiedad intelectual e industrial sobre los contenidos de este sitio web est\u00e1n reservados y, por tanto, queda prohibida su reproducci\u00f3n, distribuci\u00f3n, comunicaci\u00f3n p\u00fablica y transformaci\u00f3n, salvo autorizaci\u00f3n expresa del titular.<\/p>\n\n\n\n<p>6. Pol\u00edtica de Privacidad<\/p>\n\n\n\n<p>La recogida y tratamiento de datos personales se realizar\u00e1 de conformidad con nuestra Pol\u00edtica de Privacidad, que puedes consultar en el siguiente enlace.<\/p>\n\n\n\n<p>7. Ley Aplicable y Jurisdicci\u00f3n<\/p>\n\n\n\n<p>La relaci\u00f3n entre el USUARIO y el titular del sitio web se regir\u00e1 por la normativa espa\u00f1ola vigente y cualquier controversia se someter\u00e1 a los Juzgados y tribunales de Sevilla.<\/p>\n\n\n\n<p>En plusDTF.com estamos comprometidos con la protecci\u00f3n de tus datos personales y el respeto a tu privacidad. Si tienes alguna pregunta o comentario sobre este aviso legal, por favor cont\u00e1ctanos a trav\u00e9s de info@plusdtf.com<\/p>\n","protected":false},"excerpt":{"rendered":"<p>1. Datos de Identificaci\u00f3n En cumplimiento con el deber de informaci\u00f3n recogido en el art\u00edculo 10 de la Ley 34\/2002,&#8230;<\/p>\n","protected":false},"author":1,"featured_media":0,"parent":0,"menu_order":0,"comment_status":"closed","ping_status":"closed","template":"","meta":{"_uf_show_specific_survey":0,"_uf_disable_surveys":false,"_joinchat":[],"footnotes":""},"class_list":["post-2147","page","type-page","status-publish","hentry"],"post-meta":{"_edit_lock":["1744738234:1"],"_last_editor_used_jetpack":["block-editor"],"_edit_last":["1"],"site-container":["default"],"site-header-transparent":["default"],"site-page-header":["default"],"site-sidebar":["default"],"_yoast_wpseo_content_score":["60"],"_yoast_wpseo_estimated-reading-time-minutes":["2"],"_yoast_wpseo_wordproof_timestamp":[""],"_wp_page_template":["default"],"rank_math_title":["Aviso Legal | Identificaci\u00f3n y Responsabilidad | PlusDTF.com"],"rank_math_description":["Conoce la informaci\u00f3n legal y de contacto de PlusDTF.com. Aqu\u00ed te mostramos nuestra identidad corporativa y responsabilidades legales."],"rank_math_canonical_url":[""],"rank_math_facebook_title":[""],"rank_math_facebook_description":[""],"rank_math_facebook_image":[""],"rank_math_twitter_title":[""],"rank_math_twitter_description":[""],"rank_math_twitter_image":[""],"rank_math_twitter_use_facebook":["off"],"rank_math_analytic_object_id":["5"],"rank_math_internal_links_processed":["1"],"rank_math_seo_score":["58"],"rank_math_focus_keyword":["aviso legal,identidad del titular,responsabilidades legales,PlusDTF"]},"_links":{"self":[{"href":"https:\/\/www.plusdtf.com\/index.php\/wp-json\/wp\/v2\/pages\/2147","targetHints":{"allow":["GET"]}}],"collection":[{"href":"https:\/\/www.plusdtf.com\/index.php\/wp-json\/wp\/v2\/pages"}],"about":[{"href":"https:\/\/www.plusdtf.com\/index.php\/wp-json\/wp\/v2\/types\/page"}],"author":[{"embeddable":true,"href":"https:\/\/www.plusdtf.com\/index.php\/wp-json\/wp\/v2\/users\/1"}],"replies":[{"embeddable":true,"href":"https:\/\/www.plusdtf.com\/index.php\/wp-json\/wp\/v2\/comments?post=2147"}],"version-history":[{"count":3,"href":"https:\/\/www.plusdtf.com\/index.php\/wp-json\/wp\/v2\/pages\/2147\/revisions"}],"predecessor-version":[{"id":2623,"href":"https:\/\/www.plusdtf.com\/index.php\/wp-json\/wp\/v2\/pages\/2147\/revisions\/2623"}],"wp:attachment":[{"href":"https:\/\/www.plusdtf.com\/index.php\/wp-json\/wp\/v2\/media?parent=2147"}],"curies":[{"name":"wp","href":"https:\/\/api.w.org\/{rel}","templated":true}]}}