{"id":18,"date":"2024-06-11T10:05:12","date_gmt":"2024-06-11T09:05:12","guid":{"rendered":"http:\/\/www.plusdtf.com\/?page_id=18"},"modified":"2025-04-15T18:32:49","modified_gmt":"2025-04-15T17:32:49","slug":"reembolso_devoluciones","status":"publish","type":"page","link":"https:\/\/www.plusdtf.com\/index.php\/reembolso_devoluciones\/","title":{"rendered":"Pol\u00edtica de env\u00edos y devoluciones"},"content":{"rendered":"\n<p>En plusDTF.com, nos preocupamos por tu satisfacci\u00f3n y queremos que tengas una experiencia de compra sin problemas. Por eso, a continuaci\u00f3n, te presentamos nuestras pol\u00edticas de env\u00edo y devoluciones para que sepas qu\u00e9 esperar al realizar una compra en nuestra tienda on line.<\/p>\n\n\n\n<p>POL\u00cdTICA DE ENV\u00cdOS<\/p>\n\n\n\n<p>1. Plazos de Entrega:<\/p>\n\n\n\n<p>&nbsp;El tiempo de entrega de tu pedido puede variar seg\u00fan tu ubicaci\u00f3n. Por lo general, los pedidos se procesan y env\u00edan en un plazo de 2 d\u00edas h\u00e1biles. Es decir, el cliente efect\u00faa un pedido y en m\u00e1ximo 48 h. lo recibe en su domicilio.<\/p>\n\n\n\n<p>Una vez est\u00e9 todo en orden, te proporcionaremos un n\u00famero de seguimiento para que puedas rastrear tu pedido en todo momento.<\/p>\n\n\n\n<p>Los env\u00edos s\u00f3lo se hacen a pen\u00ednsula, territorio espa\u00f1ol.<\/p>\n\n\n\n<p>2. Gastos de Env\u00edo:<\/p>\n\n\n\n<p>Los gastos de env\u00edo se calcular\u00e1n durante el proceso de compra y se basar\u00e1n en la ubicaci\u00f3n de entrega y el importe total de compra. Ofrecemos env\u00edo gratuito para pedidos con entrega entre 24-48 h.<\/p>\n\n\n\n<p>Esta opci\u00f3n se activar\u00e1 por defecto en la p\u00e1gina de carrito.<\/p>\n\n\n\n<p>Otros m\u00e9todos de env\u00edo son:<\/p>\n\n\n\n<p>RECOGIDA EN LOCAL.&nbsp;Para tener los pedidos en el mismo d\u00eda, deben entrar en cola antes de las 13 h. En periodos de largas colas de trabajo y saturaci\u00f3n estacional, le recomendamos que se ponga en contacto con nuestro equipo para consultar plazos aproximados.<\/p>\n\n\n\n<p>3. Direcci\u00f3n de Env\u00edo:<\/p>\n\n\n\n<p>Es responsabilidad del cliente proporcionar una direcci\u00f3n de env\u00edo precisa y completa.<\/p>\n\n\n\n<p>PlusDTF.com&nbsp;no se hace responsable de los errores en la direcci\u00f3n proporcionada por el cliente. Si necesitas modificar la direcci\u00f3n de env\u00edo despu\u00e9s de realizar tu pedido, comun\u00edcate con nuestro servicio de atenci\u00f3n al cliente lo antes posible.<\/p>\n\n\n\n<p>DEVOLUCIONES<\/p>\n\n\n\n<p>1. Pol\u00edtica de Devoluciones:<\/p>\n\n\n\n<p>Aceptamos devoluciones dentro de los 7 d\u00edas posteriores a la entrega del producto. Para solicitar una devoluci\u00f3n, comun\u00edcate con nuestro servicio de atenci\u00f3n al cliente y proporciona la informaci\u00f3n necesaria.<\/p>\n\n\n\n<p>2. Condiciones de Devoluci\u00f3n:<\/p>\n\n\n\n<p>Nuestros productos son personalizados y son el resultado de la impresi\u00f3n de archivos que aporta el cliente. Trabajamos con archivos gr\u00e1ficos que no editamos ni retocamos para evitar problemas.<\/p>\n\n\n\n<p>Por tanto, &nbsp;la devoluci\u00f3n se haga efectiva en alg\u00fan caso, siempre y cuando el error en al cadena de producci\u00f3n sea exclusivamente nuestro (fallo en m\u00e1quinas, fallo en plazos\u2026) En dicho caso, trabajaremos insistentemente en subsanar el error lo antes posible para que nuestros clientes queden satisfechos.<\/p>\n\n\n\n<p>En ning\u00fan caso nos podremos hacer cargo de errores de edici\u00f3n, errores en los archivos, errores de formatos, colores, estilos, efectos, trazos, etc.<\/p>\n\n\n\n<p>Nos reservamos el derecho de rechazar devoluciones que no cumplan con estas condiciones.<\/p>\n\n\n\n<p>3. Proceso de Devoluci\u00f3n:<\/p>\n\n\n\n<p>Una vez que hayamos recibido y verificado el caso de devoluci\u00f3n, procesaremos el reembolso en un plazo de 15 d\u00edas h\u00e1biles. El reembolso se realizar\u00e1 a trav\u00e9s del mismo m\u00e9todo de pago que utilizaste al realizar la compra.<\/p>\n\n\n\n<p>4. Productos Da\u00f1ados o Incorrectos:<\/p>\n\n\n\n<p>Si recibes un producto da\u00f1ado o incorrecto, por favor, cont\u00e1ctanos de inmediato para que podamos solucionar el problema y proporcionarte las instrucciones necesarias para la devoluci\u00f3n o el reemplazo.<\/p>\n\n\n\n<p>Recuerda que estas pol\u00edticas est\u00e1n dise\u00f1adas para proteger tanto a nuestros clientes como a PlusDTF.com. Si tienes alguna pregunta o necesitas m\u00e1s informaci\u00f3n, no dudes en ponerte en contacto con nuestro equipo de atenci\u00f3n al cliente. Tu satisfacci\u00f3n es nuestra prioridad n\u00famero uno, y estamos aqu\u00ed para ayudarte en todo momento.<\/p>\n\n\n\n<p>Gracias por confiar en plusDTF.com<\/p>\n","protected":false},"excerpt":{"rendered":"<p>En plusDTF.com, nos preocupamos por tu satisfacci\u00f3n y queremos que tengas una experiencia de compra sin problemas. Por eso, a&#8230;<\/p>\n","protected":false},"author":1,"featured_media":0,"parent":0,"menu_order":0,"comment_status":"closed","ping_status":"closed","template":"","meta":{"_uf_show_specific_survey":0,"_uf_disable_surveys":false,"_joinchat":[],"footnotes":""},"class_list":["post-18","page","type-page","status-publish","hentry"],"post-meta":{"_edit_lock":["1744738371:1"],"_last_editor_used_jetpack":["block-editor"],"_edit_last":["1"],"site-container":["default"],"site-header-transparent":["default"],"site-page-header":["default"],"site-sidebar":["default"],"_yoast_wpseo_content_score":["90"],"_yoast_wpseo_estimated-reading-time-minutes":["3"],"_yoast_wpseo_wordproof_timestamp":[""],"rank_math_title":["Env\u00edos 24\/48h y Devoluciones | Pol\u00edtica de PlusDTF.com"],"rank_math_description":["Consulta las condiciones de env\u00edo r\u00e1pido y devoluciones de tus pedidos de impresi\u00f3n DTF. Informaci\u00f3n clara, env\u00edos en 24\/48h."],"rank_math_canonical_url":[""],"rank_math_facebook_title":[""],"rank_math_facebook_description":[""],"rank_math_facebook_image":[""],"rank_math_twitter_title":[""],"rank_math_twitter_description":[""],"rank_math_twitter_image":[""],"rank_math_twitter_use_facebook":["off"],"rank_math_analytic_object_id":["7"],"rank_math_internal_links_processed":["1"],"rank_math_seo_score":["16"],"rank_math_focus_keyword":["pol\u00edtica de env\u00edos,devoluciones DTF,entrega 24h,PlusDTF,reembolso pedidos \ud83d\udd12 5. Pol\u00edtica de Privacidad"]},"_links":{"self":[{"href":"https:\/\/www.plusdtf.com\/index.php\/wp-json\/wp\/v2\/pages\/18","targetHints":{"allow":["GET"]}}],"collection":[{"href":"https:\/\/www.plusdtf.com\/index.php\/wp-json\/wp\/v2\/pages"}],"about":[{"href":"https:\/\/www.plusdtf.com\/index.php\/wp-json\/wp\/v2\/types\/page"}],"author":[{"embeddable":true,"href":"https:\/\/www.plusdtf.com\/index.php\/wp-json\/wp\/v2\/users\/1"}],"replies":[{"embeddable":true,"href":"https:\/\/www.plusdtf.com\/index.php\/wp-json\/wp\/v2\/comments?post=18"}],"version-history":[{"count":1,"href":"https:\/\/www.plusdtf.com\/index.php\/wp-json\/wp\/v2\/pages\/18\/revisions"}],"predecessor-version":[{"id":2143,"href":"https:\/\/www.plusdtf.com\/index.php\/wp-json\/wp\/v2\/pages\/18\/revisions\/2143"}],"wp:attachment":[{"href":"https:\/\/www.plusdtf.com\/index.php\/wp-json\/wp\/v2\/media?parent=18"}],"curies":[{"name":"wp","href":"https:\/\/api.w.org\/{rel}","templated":true}]}}